{"id":845,"date":"2026-05-08T09:22:52","date_gmt":"2026-05-08T09:22:52","guid":{"rendered":"https:\/\/www.montalcinotravel.com\/?page_id=845"},"modified":"2026-05-14T06:48:15","modified_gmt":"2026-05-14T06:48:15","slug":"privacy-policy","status":"publish","type":"page","link":"https:\/\/www.montalcinotravel.com\/en\/privacy-policy\/","title":{"rendered":"Privacy policy"},"content":{"rendered":"\t\t<div data-elementor-type=\"wp-page\" data-elementor-id=\"845\" class=\"elementor elementor-845 elementor-843\" data-elementor-post-type=\"page\">\n\t\t\t\t<div class=\"elementor-element elementor-element-2eb7c36 e-flex e-con-boxed e-con e-parent\" data-id=\"2eb7c36\" data-element_type=\"container\" data-e-type=\"container\">\n\t\t\t\t\t<div class=\"e-con-inner\">\n\t\t\t\t<div class=\"elementor-element elementor-element-87d2eed elementor-widget elementor-widget-text-editor\" data-id=\"87d2eed\" data-element_type=\"widget\" data-e-type=\"widget\" data-widget_type=\"text-editor.default\">\n\t\t\t\t\t\t\t\t\t<h1>Privacy Policy di montalcinotravel.com<\/h1><p>Questa Applicazione raccoglie alcuni Dati Personali dei propri Utenti.<\/p><hr \/><h2>Titolare del Trattamento dei Dati<\/h2><p>Pierangioli Alessandro Via del Poggiolo 10 &#8211; 53024 &#8211; Montalcino (SI) REA: 107545<\/p><p><strong>Indirizzo email del Titolare:<\/strong> alessandropierangioli@pec.it<\/p><hr \/><h2>Tipologie di Dati raccolti<\/h2><p>Fra i Dati Personali raccolti da questa Applicazione, in modo autonomo o tramite terze parti, ci sono: email; Dati di utilizzo; cognome; contea; Codice Fiscale; Strumenti di Tracciamento; numero di Utenti; statistiche delle sessioni; risposte alle domande; clic; eventi keypress; eventi relativi ai sensori di movimento; movimenti del mouse; posizione relativa allo scorrimento; eventi touch.<\/p><p>I Dati Personali possono essere liberamente forniti dall&#8217;Utente o, nel caso di Dati di Utilizzo, raccolti automaticamente durante l&#8217;uso di questa Applicazione. Se non diversamente specificato, tutti i Dati richiesti da questa Applicazione sono obbligatori. Se l&#8217;Utente rifiuta di comunicarli, potrebbe essere impossibile per questa Applicazione fornire il Servizio.<\/p><p>L&#8217;Utente si assume la responsabilit\u00e0 dei Dati Personali di terzi ottenuti, pubblicati o condivisi mediante questa Applicazione.<\/p><hr \/><h2>Modalit\u00e0 e luogo del trattamento dei Dati raccolti<\/h2><h3>Modalit\u00e0 di trattamento<\/h3><p>Il Titolare adotta le opportune misure di sicurezza volte ad impedire l&#8217;accesso, la divulgazione, la modifica o la distruzione non autorizzate dei Dati Personali. Il trattamento viene effettuato mediante strumenti informatici e\/o telematici, con modalit\u00e0 organizzative e con logiche strettamente correlate alle finalit\u00e0 indicate.<\/p><h3>Luogo<\/h3><p>I Dati sono trattati presso le sedi operative del Titolare ed in ogni altro luogo in cui le parti coinvolte nel trattamento siano localizzate. I Dati Personali dell&#8217;Utente potrebbero essere trasferiti in un paese diverso da quello in cui l&#8217;Utente si trova.<\/p><h3>Periodo di conservazione<\/h3><p>Se non diversamente indicato in questo documento, i Dati Personali sono trattati e conservati per il tempo richiesto dalla finalit\u00e0 per la quale sono stati raccolti e potrebbero essere conservati per un periodo pi\u00f9 lungo a causa di eventuali obbligazioni legali o sulla base del consenso degli Utenti.<\/p><hr \/><h2>Finalit\u00e0 del Trattamento dei Dati raccolti<\/h2><p>I Dati dell&#8217;Utente sono raccolti per consentire al Titolare di fornire il Servizio, adempiere agli obblighi di legge, rispondere a richieste o azioni esecutive, tutelare i propri diritti ed interessi, individuare eventuali attivit\u00e0 dolose o fraudolente, nonch\u00e9 per le seguenti finalit\u00e0: Contattare l&#8217;Utente, Statistica, Protezione da spam e bot e Visualizzazione di contenuti da piattaforme esterne.<\/p><hr \/><h2>Dettagli sul trattamento dei Dati Personali<\/h2><h3>Contattare l&#8217;Utente<\/h3><p><strong>Modulo di contatto<\/strong> L&#8217;Utente, compilando con i propri Dati il modulo di contatto, acconsente al loro utilizzo per rispondere alle richieste di informazioni, di preventivo, o di qualunque altra natura indicata dall&#8217;intestazione del modulo. Dati Personali trattati: Codice Fiscale; cognome; contea; Dati di utilizzo; email.<\/p><h3>Protezione da spam e bot<\/h3><p><strong>Google reCAPTCHA (Google Ireland Limited)<\/strong> Google reCAPTCHA \u00e8 un servizio di protezione dallo spam fornito da Google Ireland Limited. Dati Personali trattati: clic; Dati di utilizzo; eventi keypress; eventi relativi ai sensori di movimento; eventi touch; movimenti del mouse; posizione relativa allo scorrimento; risposte alle domande; Strumenti di Tracciamento. Luogo del trattamento: Irlanda<\/p><h3>Statistica<\/h3><p><strong>Google Analytics 4 (Google Ireland Limited)<\/strong> Google Analytics \u00e8 un servizio di statistica fornito da Google Ireland Limited. Google utilizza i Dati Personali raccolti allo scopo di tracciare ed esaminare l&#8217;utilizzo di questa Applicazione, compilare report e condividerli con gli altri servizi sviluppati da Google. In Google Analytics 4, gli indirizzi IP vengono utilizzati al momento della raccolta e poi eliminati prima che i dati vengano registrati in qualsiasi data center o server. Dati Personali trattati: Dati di utilizzo; numero di Utenti; statistiche delle sessioni; Strumenti di Tracciamento. Luogo del trattamento: Irlanda<\/p><h3>Visualizzazione di contenuti da piattaforme esterne<\/h3><p><strong>Google Fonts (Google Ireland Limited)<\/strong> Google Fonts \u00e8 un servizio di visualizzazione di stili di carattere gestito da Google Ireland Limited che permette a questa Applicazione di integrare tali contenuti all&#8217;interno delle proprie pagine. Dati Personali trattati: Dati di utilizzo; Strumenti di Tracciamento. Luogo del trattamento: Irlanda<\/p><hr \/><h2>Cookie Policy<\/h2><p>Questa Applicazione fa utilizzo di Strumenti di Tracciamento. Per saperne di pi\u00f9, gli Utenti possono consultare la Cookie Policy.<\/p><hr \/><h2>Ulteriori informazioni per gli utenti<\/h2><h3>Base giuridica del trattamento<\/h3><p>Il Titolare tratta Dati Personali relativi all&#8217;Utente in caso sussista una delle seguenti condizioni: l&#8217;Utente ha prestato il consenso per una o pi\u00f9 finalit\u00e0 specifiche; il trattamento \u00e8 necessario all&#8217;esecuzione di un contratto; il trattamento \u00e8 necessario per adempiere un obbligo legale; il trattamento \u00e8 necessario per l&#8217;esecuzione di un compito di interesse pubblico; il trattamento \u00e8 necessario per il perseguimento del legittimo interesse del Titolare o di terzi.<\/p><h3>Ulteriori informazioni sul tempo di conservazione<\/h3><p>I Dati Personali raccolti per scopi collegati all&#8217;esecuzione di un contratto saranno trattenuti sino a quando sia completata l&#8217;esecuzione di tale contratto. I Dati Personali raccolti per finalit\u00e0 riconducibili all&#8217;interesse legittimo del Titolare saranno trattenuti sino al soddisfacimento di tale interesse. Al termine del periodo di conservazione i Dati Personali saranno cancellati.<\/p><h3>Diritti dell&#8217;Utente (GDPR)<\/h3><p>L&#8217;Utente ha il diritto di: revocare il consenso in ogni momento; opporsi al trattamento dei propri Dati; accedere ai propri Dati; verificare e chiedere la rettificazione; ottenere la limitazione del trattamento; ottenere la cancellazione o rimozione dei propri Dati Personali; ricevere i propri Dati o farli trasferire ad altro titolare; proporre reclamo all&#8217;autorit\u00e0 di controllo competente.<\/p><hr \/><h2>Ulteriori informazioni sul trattamento<\/h2><p><strong>Difesa in giudizio:<\/strong> I Dati Personali dell&#8217;Utente possono essere utilizzati dal Titolare in giudizio per la difesa da abusi nell&#8217;utilizzo di questa Applicazione.<\/p><p><strong>Modifiche a questa privacy policy:<\/strong> Il Titolare si riserva il diritto di apportare modifiche alla presente privacy policy in qualunque momento, notificandolo agli Utenti su questa pagina.<\/p><hr \/><p><em>Ultima modifica: 8 maggio 2026<\/em><\/p>\t\t\t\t\t\t\t\t<\/div>\n\t\t\t\t\t<\/div>\n\t\t\t\t<\/div>\n\t\t\t\t<\/div>\n\t\t","protected":false},"excerpt":{"rendered":"<p>Privacy Policy di montalcinotravel.com Questa Applicazione raccoglie alcuni Dati Personali dei propri Utenti. Titolare del Trattamento dei Dati Pierangioli Alessandro Via del Poggiolo 10 &#8211; 53024 &#8211; Montalcino (SI) REA: 107545 Indirizzo email del Titolare: alessandropierangioli@pec.it Tipologie di Dati raccolti Fra i Dati Personali raccolti da questa Applicazione, in modo autonomo o tramite terze parti, [&hellip;]<\/p>\n","protected":false},"author":1,"featured_media":0,"parent":0,"menu_order":0,"comment_status":"closed","ping_status":"closed","template":"","meta":{"footnotes":""},"class_list":["post-845","page","type-page","status-publish","hentry"],"_links":{"self":[{"href":"https:\/\/www.montalcinotravel.com\/en\/wp-json\/wp\/v2\/pages\/845","targetHints":{"allow":["GET"]}}],"collection":[{"href":"https:\/\/www.montalcinotravel.com\/en\/wp-json\/wp\/v2\/pages"}],"about":[{"href":"https:\/\/www.montalcinotravel.com\/en\/wp-json\/wp\/v2\/types\/page"}],"author":[{"embeddable":true,"href":"https:\/\/www.montalcinotravel.com\/en\/wp-json\/wp\/v2\/users\/1"}],"replies":[{"embeddable":true,"href":"https:\/\/www.montalcinotravel.com\/en\/wp-json\/wp\/v2\/comments?post=845"}],"version-history":[{"count":3,"href":"https:\/\/www.montalcinotravel.com\/en\/wp-json\/wp\/v2\/pages\/845\/revisions"}],"predecessor-version":[{"id":971,"href":"https:\/\/www.montalcinotravel.com\/en\/wp-json\/wp\/v2\/pages\/845\/revisions\/971"}],"wp:attachment":[{"href":"https:\/\/www.montalcinotravel.com\/en\/wp-json\/wp\/v2\/media?parent=845"}],"curies":[{"name":"wp","href":"https:\/\/api.w.org\/{rel}","templated":true}]}}